{"id":19,"date":"2025-06-27T18:32:29","date_gmt":"2025-06-27T18:32:29","guid":{"rendered":"https:\/\/dariska.com.mx\/?page_id=19"},"modified":"2025-06-27T18:47:18","modified_gmt":"2025-06-27T18:47:18","slug":"nosotros","status":"publish","type":"page","link":"https:\/\/dariska.com.mx\/index.php\/nosotros\/","title":{"rendered":"Nosotros"},"content":{"rendered":"\n<p>Nuestro equipo de profesionales se encuentra altamente capacitado y est\u00e1 comprometido con brindar servicios personalizados y de alta calidad que se ajusten a las necesidades particulares de su empresa. Nuestros servicios contables y administrativos abarcan un amplio espectro, que incluye: Preparaci\u00f3n de estados financieros, An\u00e1lisis financiero, Gesti\u00f3n de n\u00f3mina, Impuestos, Cumplimiento tributario, entre otros.<\/p>\n\n\n\n<p>Garantizamos la precisi\u00f3n y la transparencia en sus registros financieros y apoyamos la toma decisiones informadas para el crecimiento y una sana operaci\u00f3n de su negocio.<\/p>\n","protected":false},"excerpt":{"rendered":"<p>Nuestro equipo de profesionales se encuentra altamente capacitado y est\u00e1 comprometido con brindar servicios personalizados y de alta calidad que se ajusten a las necesidades particulares de su empresa. Nuestros servicios contables y administrativos abarcan un amplio espectro, que incluye: Preparaci\u00f3n de estados financieros, An\u00e1lisis financiero, Gesti\u00f3n de n\u00f3mina, Impuestos, Cumplimiento tributario, entre otros. Garantizamos [&hellip;]<\/p>\n","protected":false},"author":1,"featured_media":0,"parent":0,"menu_order":0,"comment_status":"closed","ping_status":"closed","template":"","meta":{"footnotes":""},"class_list":["post-19","page","type-page","status-publish","hentry"],"blocksy_meta":[],"_links":{"self":[{"href":"https:\/\/dariska.com.mx\/index.php\/wp-json\/wp\/v2\/pages\/19","targetHints":{"allow":["GET"]}}],"collection":[{"href":"https:\/\/dariska.com.mx\/index.php\/wp-json\/wp\/v2\/pages"}],"about":[{"href":"https:\/\/dariska.com.mx\/index.php\/wp-json\/wp\/v2\/types\/page"}],"author":[{"embeddable":true,"href":"https:\/\/dariska.com.mx\/index.php\/wp-json\/wp\/v2\/users\/1"}],"replies":[{"embeddable":true,"href":"https:\/\/dariska.com.mx\/index.php\/wp-json\/wp\/v2\/comments?post=19"}],"version-history":[{"count":2,"href":"https:\/\/dariska.com.mx\/index.php\/wp-json\/wp\/v2\/pages\/19\/revisions"}],"predecessor-version":[{"id":36,"href":"https:\/\/dariska.com.mx\/index.php\/wp-json\/wp\/v2\/pages\/19\/revisions\/36"}],"wp:attachment":[{"href":"https:\/\/dariska.com.mx\/index.php\/wp-json\/wp\/v2\/media?parent=19"}],"curies":[{"name":"wp","href":"https:\/\/api.w.org\/{rel}","templated":true}]}}